{"id":60,"date":"2014-04-01T10:20:56","date_gmt":"2014-04-01T08:20:56","guid":{"rendered":"http:\/\/eller.pagepeppers.de\/?page_id=60"},"modified":"2014-09-08T14:35:32","modified_gmt":"2014-09-08T12:35:32","slug":"sprecherinsynchronisation","status":"publish","type":"page","link":"http:\/\/ellermedia.de\/se\/sprecherinsynchronisation\/","title":{"rendered":"Moderator och dubbning"},"content":{"rendered":"<p>Genom min l\u00e5nga erfarenhet som radiojournalist har jag arbetat mycket med r\u00f6sten. Jag har f\u00e5tt professionell utbildning i Stockholm och M\u00fcnchen.<\/p>\n<p>Jag \u00e4lskar samspelet mellan tal, ljudatmosf\u00e4r och musik, vilket \u00e4r en f\u00f6rdel b\u00e5de n\u00e4r jag producerar radioreportage eller \u00e4r programledare och n\u00e4r jag spelar in tv och film.<\/p>\n<p>Regelbundet leder jag gudstj\u00e4nster och jag har ocks\u00e5 \u00f6versatt en instruktionsfilm om anestesi f\u00f6r Siemens, d\u00e4r jag producerade den svenska versionen.<\/p>\n<p>Mycket inspirerande var att delta i en workshop om r\u00f6st och kroppsspr\u00e5k, d\u00e4r h\u00e4star speglade v\u00e5r utstr\u00e5lning.<\/p>\n","protected":false},"excerpt":{"rendered":"<p>Genom min l\u00e5nga erfarenhet som radiojournalist har jag arbetat mycket med r\u00f6sten. Jag har f\u00e5tt professionell utbildning i Stockholm och M\u00fcnchen. Jag \u00e4lskar samspelet mellan tal, ljudatmosf\u00e4r och musik, vilket \u00e4r en f\u00f6rdel b\u00e5de n\u00e4r jag producerar radioreportage eller \u00e4r &hellip; <a href=\"http:\/\/ellermedia.de\/se\/sprecherinsynchronisation\/\">Weiterlesen <span class=\"meta-nav\">&rarr;<\/span><\/a><\/p>\n","protected":false},"author":1,"featured_media":0,"parent":0,"menu_order":0,"comment_status":"open","ping_status":"open","template":"sidebar-page.php","meta":{"footnotes":""},"class_list":["post-60","page","type-page","status-publish","hentry"],"_links":{"self":[{"href":"http:\/\/ellermedia.de\/se\/wp-json\/wp\/v2\/pages\/60","targetHints":{"allow":["GET"]}}],"collection":[{"href":"http:\/\/ellermedia.de\/se\/wp-json\/wp\/v2\/pages"}],"about":[{"href":"http:\/\/ellermedia.de\/se\/wp-json\/wp\/v2\/types\/page"}],"author":[{"embeddable":true,"href":"http:\/\/ellermedia.de\/se\/wp-json\/wp\/v2\/users\/1"}],"replies":[{"embeddable":true,"href":"http:\/\/ellermedia.de\/se\/wp-json\/wp\/v2\/comments?post=60"}],"version-history":[{"count":1,"href":"http:\/\/ellermedia.de\/se\/wp-json\/wp\/v2\/pages\/60\/revisions"}],"predecessor-version":[{"id":88,"href":"http:\/\/ellermedia.de\/se\/wp-json\/wp\/v2\/pages\/60\/revisions\/88"}],"wp:attachment":[{"href":"http:\/\/ellermedia.de\/se\/wp-json\/wp\/v2\/media?parent=60"}],"curies":[{"name":"wp","href":"https:\/\/api.w.org\/{rel}","templated":true}]}}