{"id":58,"date":"2014-04-01T10:20:25","date_gmt":"2014-04-01T08:20:25","guid":{"rendered":"http:\/\/eller.pagepeppers.de\/?page_id=58"},"modified":"2014-09-08T14:35:50","modified_gmt":"2014-09-08T12:35:50","slug":"ubersetzung","status":"publish","type":"page","link":"http:\/\/ellermedia.de\/se\/ubersetzung\/","title":{"rendered":"\u00d6vers\u00e4ttning"},"content":{"rendered":"<p>P\u00e5 grund av mina tv\u00e5 modersm\u00e5l har jag gjort ett antal \u00f6vers\u00e4ttningar, bearbetningar, synkroninspelningar och simultantolkning mellan tyska och svenska.<\/p>\n<p>Bland annat har jag arbetat med Norstedts tysk-svenska ordbok (upplaga 1994). Jag \u00f6versatte en instruktionsfilm om narkos (anestesi) \u00e5t Siemens och spelade in den svenska synkrontexten. D\u00e5 anv\u00e4nde jag b\u00e5de min egen r\u00f6st och producerade en manlig r\u00f6st.<\/p>\n<p>I mitt dagliga arbete f\u00f6r svenska medier arbetar jag st\u00e4ndigt med \u00f6vers\u00e4ttningar av intervjuer och fakta. Som reporter och programledare f\u00f6r den svenska redaktionen hos Deutschlandfunk\/Deutsche Welle \u00f6versatte jag dessutom regelbundet tyska kommentarer till svenska.<\/p>\n<p>F\u00f6r LRF Media har jag gjort en \u00f6vers\u00e4ttning\/bearbetning av en svensk text f\u00f6r publicering i den tyska lanseringen av 25 Underbara HEM.<\/p>\n<p>Vid ett flertal tillf\u00e4llen fungerade jag som simultantolk (tyska-svenska och svenska-tyska) vid bes\u00f6k mellan min hemort J\u00e4rf\u00e4lla och v\u00e4norten Malchin i f\u00f6re detta DDR. Det betydde tolkning av f\u00f6redrag, predikningar, s\u00e5nger och samtal.<\/p>\n","protected":false},"excerpt":{"rendered":"<p>P\u00e5 grund av mina tv\u00e5 modersm\u00e5l har jag gjort ett antal \u00f6vers\u00e4ttningar, bearbetningar, synkroninspelningar och simultantolkning mellan tyska och svenska. Bland annat har jag arbetat med Norstedts tysk-svenska ordbok (upplaga 1994). Jag \u00f6versatte en instruktionsfilm om narkos (anestesi) \u00e5t Siemens &hellip; <a href=\"http:\/\/ellermedia.de\/se\/ubersetzung\/\">Weiterlesen <span class=\"meta-nav\">&rarr;<\/span><\/a><\/p>\n","protected":false},"author":1,"featured_media":0,"parent":0,"menu_order":0,"comment_status":"open","ping_status":"open","template":"sidebar-page.php","meta":{"footnotes":""},"class_list":["post-58","page","type-page","status-publish","hentry"],"_links":{"self":[{"href":"http:\/\/ellermedia.de\/se\/wp-json\/wp\/v2\/pages\/58","targetHints":{"allow":["GET"]}}],"collection":[{"href":"http:\/\/ellermedia.de\/se\/wp-json\/wp\/v2\/pages"}],"about":[{"href":"http:\/\/ellermedia.de\/se\/wp-json\/wp\/v2\/types\/page"}],"author":[{"embeddable":true,"href":"http:\/\/ellermedia.de\/se\/wp-json\/wp\/v2\/users\/1"}],"replies":[{"embeddable":true,"href":"http:\/\/ellermedia.de\/se\/wp-json\/wp\/v2\/comments?post=58"}],"version-history":[{"count":3,"href":"http:\/\/ellermedia.de\/se\/wp-json\/wp\/v2\/pages\/58\/revisions"}],"predecessor-version":[{"id":147,"href":"http:\/\/ellermedia.de\/se\/wp-json\/wp\/v2\/pages\/58\/revisions\/147"}],"wp:attachment":[{"href":"http:\/\/ellermedia.de\/se\/wp-json\/wp\/v2\/media?parent=58"}],"curies":[{"name":"wp","href":"https:\/\/api.w.org\/{rel}","templated":true}]}}