{"id":55,"date":"2014-04-01T10:19:22","date_gmt":"2014-04-01T08:19:22","guid":{"rendered":"http:\/\/eller.pagepeppers.de\/?page_id=55"},"modified":"2014-09-08T14:34:57","modified_gmt":"2014-09-08T12:34:57","slug":"links","status":"publish","type":"page","link":"http:\/\/ellermedia.de\/se\/links\/","title":{"rendered":"Interessanta l\u00e4nkar"},"content":{"rendered":"<p><a href=\"http:\/\/www.dradio.de\">Deutschlandfunk<\/a><br \/>\n<a href=\"http:\/\/www.dw-world.de\/\">Deutsche Welle<\/a><br \/>\n<a href=\"http:\/\/www.br-online.de\/\">Bayerischer Rundfunk<\/a><br \/>\n<a href=\"http:\/\/www.ellermedia.de\/Sidor_sv\/sueddeutsche.de\">S\u00fcddeutsche Zeitung<\/a><br \/>\n<a href=\"http:\/\/www.christlichesradio.de\/\">CRM &#8211; Christliches Radio M\u00fcnchen<\/a><br \/>\n<a href=\"http:\/\/www.erf.de\/\">ERF- Evangeliumsrundfunk<\/a><br \/>\n<a href=\"http:\/\/www.nikodemus.net\/\">Nikodemus<\/a><br \/>\n<a href=\"http:\/\/www.sound7.de\/\">Sound 7<\/a><\/p>\n<p>Trots noggrann pr\u00f6vning av alla l\u00e4nkar s\u00e5 tar jag inte ansvar f\u00f6r inneh\u00e5ll p\u00e5 l\u00e4nkade sites. F\u00f6r dem ansvarar endast respektive utgivare.<\/p>\n","protected":false},"excerpt":{"rendered":"<p>Deutschlandfunk Deutsche Welle Bayerischer Rundfunk S\u00fcddeutsche Zeitung CRM &#8211; Christliches Radio M\u00fcnchen ERF- Evangeliumsrundfunk Nikodemus Sound 7 Trots noggrann pr\u00f6vning av alla l\u00e4nkar s\u00e5 tar jag inte ansvar f\u00f6r inneh\u00e5ll p\u00e5 l\u00e4nkade sites. F\u00f6r dem ansvarar endast respektive utgivare.<\/p>\n","protected":false},"author":1,"featured_media":0,"parent":0,"menu_order":0,"comment_status":"open","ping_status":"open","template":"sidebar-page.php","meta":{"footnotes":""},"class_list":["post-55","page","type-page","status-publish","hentry"],"_links":{"self":[{"href":"http:\/\/ellermedia.de\/se\/wp-json\/wp\/v2\/pages\/55","targetHints":{"allow":["GET"]}}],"collection":[{"href":"http:\/\/ellermedia.de\/se\/wp-json\/wp\/v2\/pages"}],"about":[{"href":"http:\/\/ellermedia.de\/se\/wp-json\/wp\/v2\/types\/page"}],"author":[{"embeddable":true,"href":"http:\/\/ellermedia.de\/se\/wp-json\/wp\/v2\/users\/1"}],"replies":[{"embeddable":true,"href":"http:\/\/ellermedia.de\/se\/wp-json\/wp\/v2\/comments?post=55"}],"version-history":[{"count":3,"href":"http:\/\/ellermedia.de\/se\/wp-json\/wp\/v2\/pages\/55\/revisions"}],"predecessor-version":[{"id":144,"href":"http:\/\/ellermedia.de\/se\/wp-json\/wp\/v2\/pages\/55\/revisions\/144"}],"wp:attachment":[{"href":"http:\/\/ellermedia.de\/se\/wp-json\/wp\/v2\/media?parent=55"}],"curies":[{"name":"wp","href":"https:\/\/api.w.org\/{rel}","templated":true}]}}