{"id":41,"date":"2014-04-01T10:16:04","date_gmt":"2014-04-01T08:16:04","guid":{"rendered":"http:\/\/eller.pagepeppers.de\/?page_id=41"},"modified":"2014-09-08T14:37:27","modified_gmt":"2014-09-08T12:37:27","slug":"tv","status":"publish","type":"page","link":"http:\/\/ellermedia.de\/se\/tv\/","title":{"rendered":"TV"},"content":{"rendered":"<p>Ett perfekt samspel mellan bild och ljud \u00e4r m\u00e5let f\u00f6r varje tv-inslag jag l\u00e4mnar. Information, snygga bilder, intervjuer, kanske musik d\u00e4r det passar &#8211; \u00e4r st\u00e5ende ingredienser.<\/p>\n<p><a href=\"http:\/\/ellermedia.de\/se\/wp-content\/uploads\/sites\/3\/tv1.jpg\"><img loading=\"lazy\" decoding=\"async\" src=\"http:\/\/ellermedia.de\/se\/wp-content\/uploads\/sites\/3\/tv1.jpg\" alt=\"tv1\" width=\"1000\" height=\"922\" class=\"alignnone size-full wp-image-139\" srcset=\"http:\/\/ellermedia.de\/se\/wp-content\/uploads\/sites\/3\/tv1.jpg 1000w, http:\/\/ellermedia.de\/se\/wp-content\/uploads\/sites\/3\/tv1-221x204.jpg 221w, http:\/\/ellermedia.de\/se\/wp-content\/uploads\/sites\/3\/tv1-325x300.jpg 325w\" sizes=\"auto, (max-width: 1000px) 100vw, 1000px\" \/><\/a><\/p>\n<p><em>Direkts\u00e4ndning f\u00f6r Sveriges Televison (Gomorron Sverige) om processen mot den nazistiska terrorgruppen NSU i M\u00fcnchen.<\/em><\/p>\n<p>Med hj\u00e4lp av lokala tv-team runt om i Tyskland arbetar jag framf\u00f6r allt f\u00f6r Sveriges Television. Redigering kan ske hos professionella bolag i M\u00fcnchen.<\/p>\n<p>De senaste \u00e5ren har jag producerat inslag f\u00f6r Agenda, Plus och nyhetsprogrammen (rapport och aktuellt) vid Sveriges Television. Jag har \u00e4ven arbetat f\u00f6r TV4, nyhetskanalen n-tv i Berlin och en internetfirma.<\/p>\n<p>F\u00f6r att \u00f6ka p\u00e5 mitt tv- och filmkunnande har jag l\u00e4st filmkunskap vid universitetet i Erlangen-N\u00fcrnberg, bes\u00f6kt kursen &#8222;Bildproducent f\u00f6r tv&#8220; vid Dramatiska institutet i Stockholm och g\u00e5tt en VJ-kurs, som organiserades av journalistf\u00f6rbundet BJV i M\u00fcnchen.<\/p>\n<p>Mitt sista jobb i Sverige innan jag flyttade till Tyskland var p\u00e5 Sveriges Television i Ume\u00e5, d\u00e4r jag under ett \u00e5r var konsumentreporter p\u00e5 Plus och allm\u00e4nreporter samt redaktionssekreterare p\u00e5 nyhetsredaktionen Nordnytt.<\/p>\n<p>Senare gjorde jag inhopp som reporter p\u00e5 NoF-utrikesredaktionen i Stockholm och producerade d\u00e4r f\u00f6r rapport och aktuellt.<\/p>\n<p><a href=\"http:\/\/ellermedia.de\/se\/wp-content\/uploads\/sites\/3\/tv2.jpg\"><img loading=\"lazy\" decoding=\"async\" src=\"http:\/\/ellermedia.de\/se\/wp-content\/uploads\/sites\/3\/tv2-272x204.jpg\" alt=\"tv2\" width=\"272\" height=\"204\" class=\"alignnone size-medium wp-image-138\" srcset=\"http:\/\/ellermedia.de\/se\/wp-content\/uploads\/sites\/3\/tv2-272x204.jpg 272w, http:\/\/ellermedia.de\/se\/wp-content\/uploads\/sites\/3\/tv2-400x300.jpg 400w, http:\/\/ellermedia.de\/se\/wp-content\/uploads\/sites\/3\/tv2.jpg 1000w\" sizes=\"auto, (max-width: 272px) 100vw, 272px\" \/><\/a>&nbsp;&nbsp;&nbsp;<a href=\"http:\/\/ellermedia.de\/se\/wp-content\/uploads\/sites\/3\/tv3.jpg\"><img loading=\"lazy\" decoding=\"async\" src=\"http:\/\/ellermedia.de\/se\/wp-content\/uploads\/sites\/3\/tv3-272x204.jpg\" alt=\"tv3\" width=\"272\" height=\"204\" class=\"alignnone size-medium wp-image-140\" srcset=\"http:\/\/ellermedia.de\/se\/wp-content\/uploads\/sites\/3\/tv3-272x204.jpg 272w, http:\/\/ellermedia.de\/se\/wp-content\/uploads\/sites\/3\/tv3-400x300.jpg 400w, http:\/\/ellermedia.de\/se\/wp-content\/uploads\/sites\/3\/tv3.jpg 1000w\" sizes=\"auto, (max-width: 272px) 100vw, 272px\" \/><\/a><\/p>\n","protected":false},"excerpt":{"rendered":"<p>Ett perfekt samspel mellan bild och ljud \u00e4r m\u00e5let f\u00f6r varje tv-inslag jag l\u00e4mnar. Information, snygga bilder, intervjuer, kanske musik d\u00e4r det passar &#8211; \u00e4r st\u00e5ende ingredienser. Direkts\u00e4ndning f\u00f6r Sveriges Televison (Gomorron Sverige) om processen mot den nazistiska terrorgruppen NSU &hellip; <a href=\"http:\/\/ellermedia.de\/se\/tv\/\">Weiterlesen <span class=\"meta-nav\">&rarr;<\/span><\/a><\/p>\n","protected":false},"author":1,"featured_media":0,"parent":0,"menu_order":0,"comment_status":"open","ping_status":"open","template":"sidebar-page.php","meta":{"footnotes":""},"class_list":["post-41","page","type-page","status-publish","hentry"],"_links":{"self":[{"href":"http:\/\/ellermedia.de\/se\/wp-json\/wp\/v2\/pages\/41","targetHints":{"allow":["GET"]}}],"collection":[{"href":"http:\/\/ellermedia.de\/se\/wp-json\/wp\/v2\/pages"}],"about":[{"href":"http:\/\/ellermedia.de\/se\/wp-json\/wp\/v2\/types\/page"}],"author":[{"embeddable":true,"href":"http:\/\/ellermedia.de\/se\/wp-json\/wp\/v2\/users\/1"}],"replies":[{"embeddable":true,"href":"http:\/\/ellermedia.de\/se\/wp-json\/wp\/v2\/comments?post=41"}],"version-history":[{"count":4,"href":"http:\/\/ellermedia.de\/se\/wp-json\/wp\/v2\/pages\/41\/revisions"}],"predecessor-version":[{"id":141,"href":"http:\/\/ellermedia.de\/se\/wp-json\/wp\/v2\/pages\/41\/revisions\/141"}],"wp:attachment":[{"href":"http:\/\/ellermedia.de\/se\/wp-json\/wp\/v2\/media?parent=41"}],"curies":[{"name":"wp","href":"https:\/\/api.w.org\/{rel}","templated":true}]}}