{"id":4,"date":"2014-09-07T11:13:04","date_gmt":"2014-09-07T09:13:04","guid":{"rendered":"http:\/\/ellermedia.de\/se\/?page_id=4"},"modified":"2014-09-08T13:17:30","modified_gmt":"2014-09-08T11:17:30","slug":"home","status":"publish","type":"page","link":"http:\/\/ellermedia.de\/se\/","title":{"rendered":"V\u00e4lkommen"},"content":{"rendered":"<p><strong>Annika Eller &#8211; n\u00e5gra nyckelord<\/strong><br \/>\n<a href=\"http:\/\/ellermedia.de\/se\/wp-content\/uploads\/sites\/3\/Portrait2.jpg\"><img loading=\"lazy\" decoding=\"async\" src=\"http:\/\/ellermedia.de\/se\/wp-content\/uploads\/sites\/3\/Portrait2.jpg\" alt=\"Portrait2\" width=\"185\" height=\"230\" class=\"alignright size-full wp-image-106\" srcset=\"http:\/\/ellermedia.de\/se\/wp-content\/uploads\/sites\/3\/Portrait2.jpg 185w, http:\/\/ellermedia.de\/se\/wp-content\/uploads\/sites\/3\/Portrait2-164x204.jpg 164w\" sizes=\"auto, (max-width: 185px) 100vw, 185px\" \/><\/a><\/p>\n<ul>\n<li>Utbildad journalist och chef f\u00f6r Eller Media i M\u00fcnchen<\/li>\n<li>M\u00e5ng\u00e5rig erfarenhet som journalist, reporter, programledare och redaktionsledning<\/li>\n<li>Noggrann, djuplodande, snabb och uttrycksstark<\/li>\n<li>Radiofreak<\/li>\n<li>TV\/Video-inslagsproducent<\/li>\n<li>Skriver artikeltexter f\u00f6r press och online<\/li>\n<li>Har professionell kamera och utrustning f\u00f6r radioinspelning och redigering<\/li>\n<li>\u00d6vers\u00e4tter tyska-svenska och svenska-tyska<\/li>\n<\/ul>\n","protected":false},"excerpt":{"rendered":"<p>Annika Eller &#8211; n\u00e5gra nyckelord Utbildad journalist och chef f\u00f6r Eller Media i M\u00fcnchen M\u00e5ng\u00e5rig erfarenhet som journalist, reporter, programledare och redaktionsledning Noggrann, djuplodande, snabb och uttrycksstark Radiofreak TV\/Video-inslagsproducent Skriver artikeltexter f\u00f6r press och online Har professionell kamera och utrustning &hellip; <a href=\"http:\/\/ellermedia.de\/se\/\">Weiterlesen <span class=\"meta-nav\">&rarr;<\/span><\/a><\/p>\n","protected":false},"author":1,"featured_media":0,"parent":0,"menu_order":0,"comment_status":"open","ping_status":"open","template":"sidebar-page.php","meta":{"footnotes":""},"class_list":["post-4","page","type-page","status-publish","hentry"],"_links":{"self":[{"href":"http:\/\/ellermedia.de\/se\/wp-json\/wp\/v2\/pages\/4","targetHints":{"allow":["GET"]}}],"collection":[{"href":"http:\/\/ellermedia.de\/se\/wp-json\/wp\/v2\/pages"}],"about":[{"href":"http:\/\/ellermedia.de\/se\/wp-json\/wp\/v2\/types\/page"}],"author":[{"embeddable":true,"href":"http:\/\/ellermedia.de\/se\/wp-json\/wp\/v2\/users\/1"}],"replies":[{"embeddable":true,"href":"http:\/\/ellermedia.de\/se\/wp-json\/wp\/v2\/comments?post=4"}],"version-history":[{"count":5,"href":"http:\/\/ellermedia.de\/se\/wp-json\/wp\/v2\/pages\/4\/revisions"}],"predecessor-version":[{"id":151,"href":"http:\/\/ellermedia.de\/se\/wp-json\/wp\/v2\/pages\/4\/revisions\/151"}],"wp:attachment":[{"href":"http:\/\/ellermedia.de\/se\/wp-json\/wp\/v2\/media?parent=4"}],"curies":[{"name":"wp","href":"https:\/\/api.w.org\/{rel}","templated":true}]}}