{"id":37,"date":"2014-04-01T10:14:56","date_gmt":"2014-04-01T08:14:56","guid":{"rendered":"http:\/\/eller.pagepeppers.de\/?page_id=37"},"modified":"2014-09-08T14:35:12","modified_gmt":"2014-09-08T12:35:12","slug":"arbeitsproben","status":"publish","type":"page","link":"http:\/\/ellermedia.de\/se\/arbeitsproben\/","title":{"rendered":"Arbetsprover"},"content":{"rendered":"<p>F\u00f6r arbetsprover inom relevanta omr\u00e5den var v\u00e4nlig h\u00f6r av dig till mig. <\/p>\n","protected":false},"excerpt":{"rendered":"<p>F\u00f6r arbetsprover inom relevanta omr\u00e5den var v\u00e4nlig h\u00f6r av dig till mig.<\/p>\n","protected":false},"author":1,"featured_media":0,"parent":0,"menu_order":0,"comment_status":"open","ping_status":"open","template":"sidebar-page.php","meta":{"footnotes":""},"class_list":["post-37","page","type-page","status-publish","hentry"],"_links":{"self":[{"href":"http:\/\/ellermedia.de\/se\/wp-json\/wp\/v2\/pages\/37","targetHints":{"allow":["GET"]}}],"collection":[{"href":"http:\/\/ellermedia.de\/se\/wp-json\/wp\/v2\/pages"}],"about":[{"href":"http:\/\/ellermedia.de\/se\/wp-json\/wp\/v2\/types\/page"}],"author":[{"embeddable":true,"href":"http:\/\/ellermedia.de\/se\/wp-json\/wp\/v2\/users\/1"}],"replies":[{"embeddable":true,"href":"http:\/\/ellermedia.de\/se\/wp-json\/wp\/v2\/comments?post=37"}],"version-history":[{"count":2,"href":"http:\/\/ellermedia.de\/se\/wp-json\/wp\/v2\/pages\/37\/revisions"}],"predecessor-version":[{"id":115,"href":"http:\/\/ellermedia.de\/se\/wp-json\/wp\/v2\/pages\/37\/revisions\/115"}],"wp:attachment":[{"href":"http:\/\/ellermedia.de\/se\/wp-json\/wp\/v2\/media?parent=37"}],"curies":[{"name":"wp","href":"https:\/\/api.w.org\/{rel}","templated":true}]}}