{"id":35,"date":"2014-04-01T10:11:05","date_gmt":"2014-04-01T08:11:05","guid":{"rendered":"http:\/\/eller.pagepeppers.de\/?page_id=35"},"modified":"2025-10-30T18:17:13","modified_gmt":"2025-10-30T16:17:13","slug":"impressum","status":"publish","type":"page","link":"http:\/\/ellermedia.de\/se\/impressum\/","title":{"rendered":"Redaktionsruta"},"content":{"rendered":"<p><strong>ELLER MEDIA<\/strong><br \/>\nAnnika Eller<br \/>\nMaistr. 5<br \/>\nD-80337 M\u00fcnchen<\/p>\n<p>Tyskland<\/p>\n<p>Tel. +49-(0)171 141 74 51<\/p>\n<p>email: annika at ellermedia.de<\/p>\n<p>Ansvarig utgivare: Annika Eller<\/p>\n<p>All f\u00f6rs\u00e4ljning av journalistiska produktioner g\u00e4ller endast publicering f\u00f6r \u00f6verenskommen tid och i avtalade former och presentationsorgan. Parallell internetpublicering kostar 20 procent av ursprungsarvodet f\u00f6r upp till sex m\u00e5nader. Upphovsr\u00e4tten stannar hos Annika Eller och Eller Media.<\/p>\n<p>Trots noggrann pr\u00f6vning av alla l\u00e4nkar s\u00e5 tar jag inte ansvar f\u00f6r inneh\u00e5ll p\u00e5 l\u00e4nkade sites. F\u00f6r dem ansvarar endast respektive utgivare.<\/p>\n<p>&nbsp;<\/p>\n","protected":false},"excerpt":{"rendered":"<p>ELLER MEDIA Annika Eller Maistr. 5 D-80337 M\u00fcnchen Tyskland Tel. +49-(0)171 141 74 51 email: annika at ellermedia.de Ansvarig utgivare: Annika Eller All f\u00f6rs\u00e4ljning av journalistiska produktioner g\u00e4ller endast publicering f\u00f6r \u00f6verenskommen tid och i avtalade former och presentationsorgan. Parallell &hellip; <a href=\"http:\/\/ellermedia.de\/se\/impressum\/\">Weiterlesen <span class=\"meta-nav\">&rarr;<\/span><\/a><\/p>\n","protected":false},"author":1,"featured_media":0,"parent":0,"menu_order":0,"comment_status":"open","ping_status":"open","template":"sidebar-page.php","meta":{"footnotes":""},"class_list":["post-35","page","type-page","status-publish","hentry"],"_links":{"self":[{"href":"http:\/\/ellermedia.de\/se\/wp-json\/wp\/v2\/pages\/35","targetHints":{"allow":["GET"]}}],"collection":[{"href":"http:\/\/ellermedia.de\/se\/wp-json\/wp\/v2\/pages"}],"about":[{"href":"http:\/\/ellermedia.de\/se\/wp-json\/wp\/v2\/types\/page"}],"author":[{"embeddable":true,"href":"http:\/\/ellermedia.de\/se\/wp-json\/wp\/v2\/users\/1"}],"replies":[{"embeddable":true,"href":"http:\/\/ellermedia.de\/se\/wp-json\/wp\/v2\/comments?post=35"}],"version-history":[{"count":10,"href":"http:\/\/ellermedia.de\/se\/wp-json\/wp\/v2\/pages\/35\/revisions"}],"predecessor-version":[{"id":159,"href":"http:\/\/ellermedia.de\/se\/wp-json\/wp\/v2\/pages\/35\/revisions\/159"}],"wp:attachment":[{"href":"http:\/\/ellermedia.de\/se\/wp-json\/wp\/v2\/media?parent=35"}],"curies":[{"name":"wp","href":"https:\/\/api.w.org\/{rel}","templated":true}]}}