{"id":24,"date":"2014-04-01T09:53:54","date_gmt":"2014-04-01T07:53:54","guid":{"rendered":"http:\/\/eller.pagepeppers.de\/?page_id=24"},"modified":"2014-09-08T14:37:11","modified_gmt":"2014-09-08T12:37:11","slug":"text","status":"publish","type":"page","link":"http:\/\/ellermedia.de\/se\/text\/","title":{"rendered":"Text"},"content":{"rendered":"<h2>Kategorier<\/h2>\n<p>Aktuella artiklar, features, portr\u00e4tt, artikelserier, k\u00e5serier och bakgrundsartiklar skriver jag alla lika g\u00e4rna. Textformen \u00e4r ju den mest flexibla presentationsm\u00f6jligheten, som jag alltid f\u00f6redrar n\u00e4r det g\u00e4ller komplexa sammanhang, eller \u00e4mnen som b\u00f6r kompletteras av grafik eller bilder.<\/p>\n<p>I b\u00f6rjan av min karri\u00e4r skrev jag mest raka nyhetsartiklar, men fick snart \u00e4ven utrymmen f\u00f6r portr\u00e4tt och artikelserier.<\/p>\n<h2>Erfarenheter<\/h2>\n<p>DN Konsument har jag jobbat p\u00e5 i flera omg\u00e5ngar, \u00e4ven sedan flytten till Tyskland. D\u00e4r har jag bl a haft m\u00f6jlighet att bre ut mig med utf\u00f6rliga faktaartiklar, exempel p\u00e5 r\u00e4ttsh\u00e4rvor, och en serie om genteknik ur konsumentperspektiv. P\u00e5 DN S\u00f6ndag har jag exempelvis skrivit om \u00f6dembehandling och \u00f6l. Till bostadsdelen har jag leverat artiklar om solf\u00e5ngare och modern, milj\u00f6v\u00e4nlig arkitektur.<\/p>\n<p>Den f\u00f6rsta DN-kontakten hade jag med f\u00f6rortsbilagan DN Runt Stan, d\u00e4r jag framf\u00f6r allt bevakade min hemkommun J\u00e4rf\u00e4lla, tills tidningen lades ned.<\/p>\n<p>Under min tid p\u00e5 r\u00e5d och r\u00f6n skrev jag uteslutande konsumentmaterial, b\u00e5de tester och aktuella nyhetsartiklar. Mitt f\u00f6rsta tidningsjobb p\u00e5 Enk\u00f6pings-Posten var en typisk allm\u00e4nreportertj\u00e4nst, d\u00e4r jag dock speicalbevakade polis, r\u00e4ttsv\u00e4sende och kyrka. D\u00e4r startade jag (och fick ansvaret f\u00f6r) konsumentsidorna, som publicerades en g\u00e5ng i veckan.  <\/p>\n<p>Mycket stolt \u00e4r jag \u00f6ver att vara en av de allra f\u00f6rsta 10 knattereportarna f\u00f6r &#8222;Ankeborgsnytt&#8220;, som var en kortlivad bilaga till Kalle Anka-tidningen i slutet av 1970-talet. Mina allra f\u00f6rsta alster skrev jag dock som 11-14-\u00e5ring f\u00f6r de egna tidningarna &#8222;Vi djurv\u00e4nner&#8220; och &#8222;Imorgon&#8220;.<\/p>\n","protected":false},"excerpt":{"rendered":"<p>Kategorier Aktuella artiklar, features, portr\u00e4tt, artikelserier, k\u00e5serier och bakgrundsartiklar skriver jag alla lika g\u00e4rna. Textformen \u00e4r ju den mest flexibla presentationsm\u00f6jligheten, som jag alltid f\u00f6redrar n\u00e4r det g\u00e4ller komplexa sammanhang, eller \u00e4mnen som b\u00f6r kompletteras av grafik eller bilder. I &hellip; <a href=\"http:\/\/ellermedia.de\/se\/text\/\">Weiterlesen <span class=\"meta-nav\">&rarr;<\/span><\/a><\/p>\n","protected":false},"author":1,"featured_media":0,"parent":0,"menu_order":0,"comment_status":"open","ping_status":"open","template":"sidebar-page.php","meta":{"footnotes":""},"class_list":["post-24","page","type-page","status-publish","hentry"],"_links":{"self":[{"href":"http:\/\/ellermedia.de\/se\/wp-json\/wp\/v2\/pages\/24","targetHints":{"allow":["GET"]}}],"collection":[{"href":"http:\/\/ellermedia.de\/se\/wp-json\/wp\/v2\/pages"}],"about":[{"href":"http:\/\/ellermedia.de\/se\/wp-json\/wp\/v2\/types\/page"}],"author":[{"embeddable":true,"href":"http:\/\/ellermedia.de\/se\/wp-json\/wp\/v2\/users\/1"}],"replies":[{"embeddable":true,"href":"http:\/\/ellermedia.de\/se\/wp-json\/wp\/v2\/comments?post=24"}],"version-history":[{"count":1,"href":"http:\/\/ellermedia.de\/se\/wp-json\/wp\/v2\/pages\/24\/revisions"}],"predecessor-version":[{"id":142,"href":"http:\/\/ellermedia.de\/se\/wp-json\/wp\/v2\/pages\/24\/revisions\/142"}],"wp:attachment":[{"href":"http:\/\/ellermedia.de\/se\/wp-json\/wp\/v2\/media?parent=24"}],"curies":[{"name":"wp","href":"https:\/\/api.w.org\/{rel}","templated":true}]}}