{"id":22,"date":"2014-04-01T09:53:42","date_gmt":"2014-04-01T07:53:42","guid":{"rendered":"http:\/\/eller.pagepeppers.de\/?page_id=22"},"modified":"2014-09-08T14:36:15","modified_gmt":"2014-09-08T12:36:15","slug":"radio","status":"publish","type":"page","link":"http:\/\/ellermedia.de\/se\/radio\/","title":{"rendered":"Radio"},"content":{"rendered":"<h2>Passion<\/h2>\n<p>Min passion f\u00f6r radio grundar sig s\u00e4kerligen i att det \u00e4r ett s\u00e5 snabbt och roligt medium att arbeta med. Det passar mig att arbeta med ljud, att lyssna p\u00e5 svaren och ha n\u00e4sta fr\u00e5ga redo. Jag har <strong>egen inspelningsutrustning<\/strong> f\u00f6r intervjuer, milj\u00f6, presskonferenser och prator (mono-\/stereo-\/studiomikrofoner). Antingen spelar jag in direkt p\u00e5 datorn eller p\u00e5 min b\u00e4rbara Marantz flashrecorder (inspelning utan kompression). Eftersom jag \u00e4ven \u00e4lskar musik har jag gjort en hel del musikpresentationer med intervjuer och musik mixat.<\/p>\n<p><a href=\"http:\/\/ellermedia.de\/se\/wp-content\/uploads\/sites\/3\/radio1.jpg\"><img loading=\"lazy\" decoding=\"async\" src=\"http:\/\/ellermedia.de\/se\/wp-content\/uploads\/sites\/3\/radio1.jpg\" alt=\"radio1\" width=\"1024\" height=\"770\" class=\"alignnone size-full wp-image-129\" srcset=\"http:\/\/ellermedia.de\/se\/wp-content\/uploads\/sites\/3\/radio1.jpg 1024w, http:\/\/ellermedia.de\/se\/wp-content\/uploads\/sites\/3\/radio1-272x204.jpg 272w, http:\/\/ellermedia.de\/se\/wp-content\/uploads\/sites\/3\/radio1-398x300.jpg 398w\" sizes=\"auto, (max-width: 1024px) 100vw, 1024px\" \/><\/a><\/p>\n<p><strong>Redigeringen<\/strong> sk\u00f6ter jag med Wavelab fr\u00e5n Steinberg och kan leverera b\u00e5de i wave- och i mp3-Format. Ett alternativ f\u00f6r best\u00e4llningar av public-servicebolag \u00e4r att producera hos exempelvis Bayerischer Rundfunk i M\u00fcnchen.<\/p>\n<p>Aktuella uppdragsgivare \u00e4r Sveriges Radio, Deutsche Welle, Deutschlandfunk och Deutschlandradio. Fr\u00e5n 2001 till 2008 \u00e4gnade jag en stor del av min tid \u00e5t att bygga upp den lokala privatradiostationen CRM i M\u00fcnchen (Christliches Radio M\u00fcnchen &#8211; www.christlichesradio.de). H\u00e4r var jag redaktionschef med program-, personal- och budgetansvar. Samtidigt fortsatte jag som programledare att producera egna sj\u00e4lvk\u00f6rda s\u00e4ndningar med live-g\u00e4ster, inslag, musik och lyssnarkontakter.Aktuell<\/p>\n<p>Mina <strong>specialomr\u00e5den<\/strong> \u00e4r konsumentr\u00e4tt , genteknik och kristen tro. Som svensk journalist i utlandet bevakar jag alltid \u00e4ven aktuell politik och ekonomi, samt skriver portr\u00e4tt.<\/p>\n<h2>Historia<\/h2>\n<p><a href=\"http:\/\/ellermedia.de\/se\/wp-content\/uploads\/sites\/3\/radio2.jpg\"><img loading=\"lazy\" decoding=\"async\" src=\"http:\/\/ellermedia.de\/se\/wp-content\/uploads\/sites\/3\/radio2-272x204.jpg\" alt=\"radio2\" width=\"272\" height=\"204\" class=\"alignright size-medium wp-image-130\" srcset=\"http:\/\/ellermedia.de\/se\/wp-content\/uploads\/sites\/3\/radio2-272x204.jpg 272w, http:\/\/ellermedia.de\/se\/wp-content\/uploads\/sites\/3\/radio2-400x300.jpg 400w, http:\/\/ellermedia.de\/se\/wp-content\/uploads\/sites\/3\/radio2.jpg 1024w\" sizes=\"auto, (max-width: 272px) 100vw, 272px\" \/><\/a>Genom radion fick jag min f\u00f6rsta mer professionella kontakter med journalistiken. Efter att n\u00e4rradion blev en ink\u00f6rsport p\u00e5 1980-talet (ungdomsprogram och sedan ansvar f\u00f6r 6 timmars blandad kyrkradio) studerade jag vid Journalisth\u00f6gskolan i Stockholm.<\/p>\n<p>Min praktik gjorde jag som allm\u00e4nreporter p\u00e5 Ekoredaktionen och Kanalen (numera Studio Ett) i Stockholm. Sedan f\u00f6ljde reporterjobb p\u00e5 Konsumentekot (P1), Lokalradions Reportagebyr\u00e5 (numera SR P4), svenskspr\u00e5kiga redaktionen hos Deutschlandfunk i K\u00f6ln och Utbildningsradion. Jag arbetade som nyhetsredakt\u00f6r p\u00e5 Radio Sweden i Stockholm.<\/p>\n","protected":false},"excerpt":{"rendered":"<p>Passion Min passion f\u00f6r radio grundar sig s\u00e4kerligen i att det \u00e4r ett s\u00e5 snabbt och roligt medium att arbeta med. Det passar mig att arbeta med ljud, att lyssna p\u00e5 svaren och ha n\u00e4sta fr\u00e5ga redo. Jag har egen &hellip; <a href=\"http:\/\/ellermedia.de\/se\/radio\/\">Weiterlesen <span class=\"meta-nav\">&rarr;<\/span><\/a><\/p>\n","protected":false},"author":1,"featured_media":88,"parent":0,"menu_order":0,"comment_status":"open","ping_status":"open","template":"sidebar-page.php","meta":{"footnotes":""},"class_list":["post-22","page","type-page","status-publish","has-post-thumbnail","hentry"],"_links":{"self":[{"href":"http:\/\/ellermedia.de\/se\/wp-json\/wp\/v2\/pages\/22","targetHints":{"allow":["GET"]}}],"collection":[{"href":"http:\/\/ellermedia.de\/se\/wp-json\/wp\/v2\/pages"}],"about":[{"href":"http:\/\/ellermedia.de\/se\/wp-json\/wp\/v2\/types\/page"}],"author":[{"embeddable":true,"href":"http:\/\/ellermedia.de\/se\/wp-json\/wp\/v2\/users\/1"}],"replies":[{"embeddable":true,"href":"http:\/\/ellermedia.de\/se\/wp-json\/wp\/v2\/comments?post=22"}],"version-history":[{"count":6,"href":"http:\/\/ellermedia.de\/se\/wp-json\/wp\/v2\/pages\/22\/revisions"}],"predecessor-version":[{"id":149,"href":"http:\/\/ellermedia.de\/se\/wp-json\/wp\/v2\/pages\/22\/revisions\/149"}],"wp:featuredmedia":[{"embeddable":true,"href":"http:\/\/ellermedia.de\/se\/wp-json\/"}],"wp:attachment":[{"href":"http:\/\/ellermedia.de\/se\/wp-json\/wp\/v2\/media?parent=22"}],"curies":[{"name":"wp","href":"https:\/\/api.w.org\/{rel}","templated":true}]}}