{"id":18,"date":"2014-04-01T09:52:26","date_gmt":"2014-04-01T07:52:26","guid":{"rendered":"http:\/\/eller.pagepeppers.de\/?page_id=18"},"modified":"2014-11-14T11:54:06","modified_gmt":"2014-11-14T09:54:06","slug":"personlich","status":"publish","type":"page","link":"http:\/\/ellermedia.de\/se\/personlich\/","title":{"rendered":"Personligt"},"content":{"rendered":"<p><a href=\"http:\/\/ellermedia.de\/se\/wp-content\/uploads\/sites\/3\/Portrait2.jpg\"><img loading=\"lazy\" decoding=\"async\" src=\"http:\/\/ellermedia.de\/se\/wp-content\/uploads\/sites\/3\/Portrait2.jpg\" alt=\"Portrait2\" width=\"185\" height=\"230\" class=\"alignleft size-full wp-image-106\" srcset=\"http:\/\/ellermedia.de\/se\/wp-content\/uploads\/sites\/3\/Portrait2.jpg 185w, http:\/\/ellermedia.de\/se\/wp-content\/uploads\/sites\/3\/Portrait2-164x204.jpg 164w\" sizes=\"auto, (max-width: 185px) 100vw, 185px\" \/><\/a>Jag har varit frilansjournalist i Tyskland sedan 1991. Fr\u00e4mst har jag arbetat med radio, f\u00f6ljt av skrivna reportage och tv-produktioner. Mina uppdragsgivare finns b\u00e5de i Sverige (d\u00e4r jag \u00e4r f\u00f6dd och uppvuxen) och Tyskland.<\/p>\n<p><!--\n <embed src=\"http:\/\/ellermedia.de\/se\/wp-content\/uploads\/sites\/3\/RushingWind.mp3\" width=\"140\" height=\"40\" autostart=\"false\" loop=\"FALSE\"><\/embed>\n--><\/p>\n<p>F\u00f6r mig \u00e4r korrekta fakta och gedigen research a och o och jag h\u00e5ller avtalade l\u00e4mningstider. Mina specialomr\u00e5den \u00e4r konsumentr\u00e4tt , genteknik och kristen tro. Ofta behandlar jag teman som milj\u00f6 och vatten, teknik och forskning, samt f\u00f6rsvar och skola. Jag tycker mycket om att skriva portr\u00e4tt och komma n\u00e4ra inp\u00e5 en m\u00e4nniska. Som svensk journalist i utlandet bevakar jag alltid \u00e4ven aktuell politik och ekonomi.<\/p>\n<p>Det senaste l\u00e5ngvariga engagemanget har varit att bygga upp en liten lokal radiostation &#8211; CRM &#8211; i M\u00fcnchen (2001-2008). H\u00e4r var jag redaktionschef med program-, personal- och budgetansvar. Samtidigt fortsatte jag som programledare att producera egna sj\u00e4lvk\u00f6rda s\u00e4ndningar med live-g\u00e4ster, inslag, musik och lyssnarkontakter.<\/p>\n<p><a href=\"http:\/\/ellermedia.de\/se\/wp-content\/uploads\/sites\/3\/Pers_2.jpg\"><img loading=\"lazy\" decoding=\"async\" src=\"http:\/\/ellermedia.de\/se\/wp-content\/uploads\/sites\/3\/Pers_2-300x225.jpg\" alt=\"Pers_2\" width=\"272\" height=\"204\" class=\"alignnone size-medium wp-image-101\" srcset=\"http:\/\/ellermedia.de\/se\/wp-content\/uploads\/sites\/3\/Pers_2-300x225.jpg 300w, http:\/\/ellermedia.de\/se\/wp-content\/uploads\/sites\/3\/Pers_2-400x300.jpg 400w, http:\/\/ellermedia.de\/se\/wp-content\/uploads\/sites\/3\/Pers_2.jpg 1024w\" sizes=\"auto, (max-width: 272px) 100vw, 272px\" \/><\/a>&nbsp;&nbsp;&nbsp;<a href=\"http:\/\/ellermedia.de\/se\/wp-content\/uploads\/sites\/3\/Pers_3.jpg\"><img loading=\"lazy\" decoding=\"async\" src=\"http:\/\/ellermedia.de\/se\/wp-content\/uploads\/sites\/3\/Pers_3-300x225.jpg\" alt=\"Pers_3\" width=\"272\" height=\"204\" class=\"alignnone size-medium wp-image-102\" srcset=\"http:\/\/ellermedia.de\/se\/wp-content\/uploads\/sites\/3\/Pers_3-300x225.jpg 300w, http:\/\/ellermedia.de\/se\/wp-content\/uploads\/sites\/3\/Pers_3-400x300.jpg 400w, http:\/\/ellermedia.de\/se\/wp-content\/uploads\/sites\/3\/Pers_3.jpg 1024w\" sizes=\"auto, (max-width: 272px) 100vw, 272px\" \/><\/a><\/p>\n<p>Vidare har jag publicerat bl a i <a href=\"http:\/\/www.dn.se\/\" target=\"_blank\">Dagens Nyheter<\/a> (Konsument, S\u00f6ndag, Bostadsdelen, resor), <a href=\"http:\/\/www.cirkulation.se\/\" target=\"_blank\">cirkulation<\/a>, <a href=\"http:\/\/www.lararnasnyheter.se\/lararnas-tidning\" target=\"_blank\">L\u00e4rarnas tidning<\/a>, BR\u00c5-publikationer, r\u00e5d och r\u00f6n och Arbetsmarknaden. P\u00e5 tv-sidan har mina reportage s\u00e4nts i t ex konsumentmagasinet Plus (TV2), Agenda, och Nyheterna (Rapport\/Aktuellt). Radioinslag har jag producerat framf\u00f6r allt f\u00f6r P1 (Studio Ett, Godmorgon, V\u00e4rlden, M\u00e4nniskor och Tro) samt f\u00f6r de tyska public-service-kanalerna Deutschlandfunk, Deutsche Welle och Deutschlandradio. <\/p>\n<p><strong>Utbildningsbakgrund:<\/strong><\/p>\n<ul>\n<li>Examen vid Journalisth\u00f6gskolan i Stockholm 1987<\/li>\n<li>Enstaka kurser i Civilr\u00e4tt (Juridisk \u00f6versiktskurs), Konsumentr\u00e4tt och marknadsr\u00e4tt, Tyska, Stockholms Universitet<\/li>\n<li>Enstaka kurser i Civilr\u00e4tt, Offentlig r\u00e4tt, medier\u00e4tt samt konkurrens- och kartellr\u00e4tt, Friedrich-Alexander-Universit\u00e4t Erlangen-N\u00fcrnberg<\/li>\n<li>Filmkunskap, Friedrich-Alexander-Universit\u00e4t Erlangen-N\u00fcrnberg<\/li>\n<li>Bildproducent f\u00f6r TV, Dramatiska institutet<\/li>\n<li>Labkurs i genetik, Universit\u00e4t Kassel<\/li>\n<li>VJ-Kurs (kurs i kamerahantering f\u00f6r videoreportrar), Bayerischer Journalistenverband M\u00fcnchen<\/li>\n<li>TV-inslaget II, Dramaturgi och produktion, Akademie der Bayerischen Presse i M\u00fcnchen<\/li>\n<\/ul>\n<p><strong>Stipendier:<\/strong><\/p>\n<ul>\n<li>Resestipendium &#8222;Konsumentskydd i Tyskland efter \u00e5terf\u00f6reningen&#8220;, F\u00f6rbundsrepubliken Tysklands Ambassad Stockholm<\/li>\n<li>Konsumentjournalistik, Diba-Bank-Stipendium, Mainz<\/li>\n<li>Spanska intensivkurs i Madrid, SJF<\/li>\n<\/ul>\n<p><strong>Spr\u00e5k:<\/strong><\/p>\n<ul>\n<li>Svenska (f\u00f6dd och uppvuxen i Stockholm)<\/li>\n<li>Tyska (tyska f\u00f6r\u00e4ldrar)<\/li>\n<li>Engelska<\/li>\n<li>Franska<\/li>\n<li>Spanska<\/li>\n<\/ul>\n<p><strong>Medlemskap:<\/strong><\/p>\n<ul>\n<li>Svenska Journalistf\u00f6rbundet (SJF)<\/li>\n<li>Tyska Journalistf\u00f6rbundent (DJV)<\/li>\n<\/ul>\n<p><a href=\"http:\/\/ellermedia.de\/se\/wp-content\/uploads\/sites\/3\/Pers_5.jpg\"><img loading=\"lazy\" decoding=\"async\" src=\"http:\/\/ellermedia.de\/se\/wp-content\/uploads\/sites\/3\/Pers_5-300x225.jpg\" alt=\"Pers_5\" width=\"272\" height=\"204\" class=\"alignnone size-medium wp-image-104\" srcset=\"http:\/\/ellermedia.de\/se\/wp-content\/uploads\/sites\/3\/Pers_5-300x225.jpg 300w, http:\/\/ellermedia.de\/se\/wp-content\/uploads\/sites\/3\/Pers_5-400x300.jpg 400w, http:\/\/ellermedia.de\/se\/wp-content\/uploads\/sites\/3\/Pers_5.jpg 1024w\" sizes=\"auto, (max-width: 272px) 100vw, 272px\" \/><\/a>&nbsp;&nbsp;&nbsp;<a href=\"http:\/\/ellermedia.de\/se\/wp-content\/uploads\/sites\/3\/Pers_6.jpg\"><img loading=\"lazy\" decoding=\"async\" src=\"http:\/\/ellermedia.de\/se\/wp-content\/uploads\/sites\/3\/Pers_6-300x225.jpg\" alt=\"Pers_6\" width=\"272\" height=\"204\" class=\"alignnone size-medium wp-image-105\" srcset=\"http:\/\/ellermedia.de\/se\/wp-content\/uploads\/sites\/3\/Pers_6-300x225.jpg 300w, http:\/\/ellermedia.de\/se\/wp-content\/uploads\/sites\/3\/Pers_6-400x300.jpg 400w, http:\/\/ellermedia.de\/se\/wp-content\/uploads\/sites\/3\/Pers_6.jpg 1024w\" sizes=\"auto, (max-width: 272px) 100vw, 272px\" \/><\/a><a href=\"http:\/\/ellermedia.de\/se\/wp-content\/uploads\/sites\/3\/Pers_1.jpg\"><img loading=\"lazy\" decoding=\"async\" src=\"http:\/\/ellermedia.de\/se\/wp-content\/uploads\/sites\/3\/Pers_1.jpg\" alt=\"Pers_1\" width=\"1024\" height=\"768\" class=\"alignnone size-full wp-image-98\" srcset=\"http:\/\/ellermedia.de\/se\/wp-content\/uploads\/sites\/3\/Pers_1.jpg 1024w, http:\/\/ellermedia.de\/se\/wp-content\/uploads\/sites\/3\/Pers_1-300x225.jpg 300w, http:\/\/ellermedia.de\/se\/wp-content\/uploads\/sites\/3\/Pers_1-400x300.jpg 400w\" sizes=\"auto, (max-width: 1024px) 100vw, 1024px\" \/><\/a><\/p>\n","protected":false},"excerpt":{"rendered":"<p>Jag har varit frilansjournalist i Tyskland sedan 1991. Fr\u00e4mst har jag arbetat med radio, f\u00f6ljt av skrivna reportage och tv-produktioner. Mina uppdragsgivare finns b\u00e5de i Sverige (d\u00e4r jag \u00e4r f\u00f6dd och uppvuxen) och Tyskland. F\u00f6r mig \u00e4r korrekta fakta och &hellip; <a href=\"http:\/\/ellermedia.de\/se\/personlich\/\">Weiterlesen <span class=\"meta-nav\">&rarr;<\/span><\/a><\/p>\n","protected":false},"author":1,"featured_media":0,"parent":0,"menu_order":0,"comment_status":"open","ping_status":"open","template":"sidebar-page.php","meta":{"footnotes":""},"class_list":["post-18","page","type-page","status-publish","hentry"],"_links":{"self":[{"href":"http:\/\/ellermedia.de\/se\/wp-json\/wp\/v2\/pages\/18","targetHints":{"allow":["GET"]}}],"collection":[{"href":"http:\/\/ellermedia.de\/se\/wp-json\/wp\/v2\/pages"}],"about":[{"href":"http:\/\/ellermedia.de\/se\/wp-json\/wp\/v2\/types\/page"}],"author":[{"embeddable":true,"href":"http:\/\/ellermedia.de\/se\/wp-json\/wp\/v2\/users\/1"}],"replies":[{"embeddable":true,"href":"http:\/\/ellermedia.de\/se\/wp-json\/wp\/v2\/comments?post=18"}],"version-history":[{"count":16,"href":"http:\/\/ellermedia.de\/se\/wp-json\/wp\/v2\/pages\/18\/revisions"}],"predecessor-version":[{"id":155,"href":"http:\/\/ellermedia.de\/se\/wp-json\/wp\/v2\/pages\/18\/revisions\/155"}],"wp:attachment":[{"href":"http:\/\/ellermedia.de\/se\/wp-json\/wp\/v2\/media?parent=18"}],"curies":[{"name":"wp","href":"https:\/\/api.w.org\/{rel}","templated":true}]}}