{"id":60,"date":"2014-04-01T10:20:56","date_gmt":"2014-04-01T08:20:56","guid":{"rendered":"http:\/\/eller.pagepeppers.de\/?page_id=60"},"modified":"2014-09-08T13:40:46","modified_gmt":"2014-09-08T11:40:46","slug":"sprecherinsynchronisation","status":"publish","type":"page","link":"http:\/\/ellermedia.de\/de\/sprecherinsynchronisation","title":{"rendered":"Sprecherin\/Synchronisation"},"content":{"rendered":"<p>Durch meine langj\u00e4hrige Radioarbeit habe ich viel Erfahrung als Sprecherin gesammelt. Geschliffen wurde die Sprache durch professionelle Sprechtrainer in Stockholm und M\u00fcnchen.<\/p>\n<p>Ich liebe das Zusammenspiel von Sprache, O-T\u00f6nen und Musik, wie ich es sowohl bei Radioproduktionen und Moderationen als auch bei der Abmischung von TV- und Filmbeitr\u00e4gen brauche.<\/p>\n<p>Regelm\u00e4\u00dfig leite ich auch Gottesdienste und ich habe einen Instruktionsfilm \u00fcber An\u00e4sthesie f\u00fcr Siemens \u00fcbersetzt und die schwedische Synchronstimme gesprochen. <\/p>\n<p>Ein Workshop \u00fcber Stimme und K\u00f6rpersprache, bei dem Pferde unsere Ausstrahlung spiegelten, fand ich sehr inspirierend.<\/p>\n","protected":false},"excerpt":{"rendered":"<p>Durch meine langj\u00e4hrige Radioarbeit habe ich viel Erfahrung als Sprecherin gesammelt. Geschliffen wurde die Sprache durch professionelle Sprechtrainer in Stockholm und M\u00fcnchen. Ich liebe das Zusammenspiel von Sprache, O-T\u00f6nen und Musik, wie ich es sowohl bei Radioproduktionen und Moderationen als &hellip; <a href=\"http:\/\/ellermedia.de\/de\/sprecherinsynchronisation\">Weiterlesen <span class=\"meta-nav\">&rarr;<\/span><\/a><\/p>\n","protected":false},"author":1,"featured_media":0,"parent":0,"menu_order":0,"comment_status":"open","ping_status":"open","template":"sidebar-page.php","meta":{"footnotes":""},"class_list":["post-60","page","type-page","status-publish","hentry"],"_links":{"self":[{"href":"http:\/\/ellermedia.de\/de\/wp-json\/wp\/v2\/pages\/60","targetHints":{"allow":["GET"]}}],"collection":[{"href":"http:\/\/ellermedia.de\/de\/wp-json\/wp\/v2\/pages"}],"about":[{"href":"http:\/\/ellermedia.de\/de\/wp-json\/wp\/v2\/types\/page"}],"author":[{"embeddable":true,"href":"http:\/\/ellermedia.de\/de\/wp-json\/wp\/v2\/users\/1"}],"replies":[{"embeddable":true,"href":"http:\/\/ellermedia.de\/de\/wp-json\/wp\/v2\/comments?post=60"}],"version-history":[{"count":2,"href":"http:\/\/ellermedia.de\/de\/wp-json\/wp\/v2\/pages\/60\/revisions"}],"predecessor-version":[{"id":109,"href":"http:\/\/ellermedia.de\/de\/wp-json\/wp\/v2\/pages\/60\/revisions\/109"}],"wp:attachment":[{"href":"http:\/\/ellermedia.de\/de\/wp-json\/wp\/v2\/media?parent=60"}],"curies":[{"name":"wp","href":"https:\/\/api.w.org\/{rel}","templated":true}]}}