{"id":55,"date":"2014-04-01T10:19:22","date_gmt":"2014-04-01T08:19:22","guid":{"rendered":"http:\/\/eller.pagepeppers.de\/?page_id=55"},"modified":"2014-09-08T13:40:05","modified_gmt":"2014-09-08T11:40:05","slug":"links","status":"publish","type":"page","link":"http:\/\/ellermedia.de\/de\/links","title":{"rendered":"Links"},"content":{"rendered":"<p><span style=\"font-family: Arial\"><a href=\"http:\/\/www.dradio.de\">Deutschlandfunk<\/a><br \/>\n<a href=\"http:\/\/www.dw-world.de\/\">Deutsche Welle<\/a><br \/>\n<a href=\"http:\/\/www.br-online.de\/\">Bayerischer Rundfunk<\/a><br \/>\n<a href=\"http:\/\/www.ellermedia.de\/Sidor_sv\/sueddeutsche.de\">S\u00fcddeutsche Zeitung<\/a><br \/>\n<a href=\"http:\/\/www.christlichesradio.de\/\">CRM &#8211; Christliches Radio M\u00fcnchen<\/a><br \/>\n<a href=\"http:\/\/www.erf.de\/\">ERF- Evangeliumsrundfunk<\/a><br \/>\n<a href=\"http:\/\/www.nikodemus.net\/\">Nikodemus<\/a><br \/>\n<a href=\"http:\/\/www.sound7.de\/\">Sound 7<\/a><\/span><\/p>\n<p><strong><span style=\"font-family: Helvetica,Geneva,Arial,SunSans-Regular,sans-serif\">Haftung f\u00fcr Links<br \/>\n<\/span><\/strong><\/p>\n<p><span style=\"font-family: Helvetica,Geneva,Arial,SunSans-Regular,sans-serif\">Unser Angebot enth\u00e4lt Links zu externen Webseiten Dritter, auf deren Inhalte wir keinen Einfluss haben. Deshalb k\u00f6nnen wir f\u00fcr diese fremden Inhalte auch keine Gew\u00e4hr \u00fcbernehmen. F\u00fcr die Inhalte der verlinkten Seiten ist stets der jeweilige Anbieter oder Betreiber der Seiten verantwortlich. Die verlinkten Seiten wurden zum Zeitpunkt der Verlinkung auf m\u00f6gliche Rechtsverst\u00f6\u00dfe \u00fcberpr\u00fcft. Rechtswidrige Inhalte waren zum Zeitpunkt der Verlinkung nicht erkennbar. Eine permanente inhaltliche Kontrolle der verlinkten Seiten ist jedoch ohne konkrete Anhaltspunkte einer Rechtsverletzung nicht zumutbar. Bei Bekanntwerden von Rechtsverletzungen werden wir derartige Links umgehend entfernen.<\/span><\/p>\n","protected":false},"excerpt":{"rendered":"<p>Deutschlandfunk Deutsche Welle Bayerischer Rundfunk S\u00fcddeutsche Zeitung CRM &#8211; Christliches Radio M\u00fcnchen ERF- Evangeliumsrundfunk Nikodemus Sound 7 Haftung f\u00fcr Links Unser Angebot enth\u00e4lt Links zu externen Webseiten Dritter, auf deren Inhalte wir keinen Einfluss haben. Deshalb k\u00f6nnen wir f\u00fcr diese &hellip; <a href=\"http:\/\/ellermedia.de\/de\/links\">Weiterlesen <span class=\"meta-nav\">&rarr;<\/span><\/a><\/p>\n","protected":false},"author":1,"featured_media":0,"parent":0,"menu_order":0,"comment_status":"open","ping_status":"open","template":"sidebar-page.php","meta":{"footnotes":""},"class_list":["post-55","page","type-page","status-publish","hentry"],"_links":{"self":[{"href":"http:\/\/ellermedia.de\/de\/wp-json\/wp\/v2\/pages\/55","targetHints":{"allow":["GET"]}}],"collection":[{"href":"http:\/\/ellermedia.de\/de\/wp-json\/wp\/v2\/pages"}],"about":[{"href":"http:\/\/ellermedia.de\/de\/wp-json\/wp\/v2\/types\/page"}],"author":[{"embeddable":true,"href":"http:\/\/ellermedia.de\/de\/wp-json\/wp\/v2\/users\/1"}],"replies":[{"embeddable":true,"href":"http:\/\/ellermedia.de\/de\/wp-json\/wp\/v2\/comments?post=55"}],"version-history":[{"count":1,"href":"http:\/\/ellermedia.de\/de\/wp-json\/wp\/v2\/pages\/55\/revisions"}],"predecessor-version":[{"id":102,"href":"http:\/\/ellermedia.de\/de\/wp-json\/wp\/v2\/pages\/55\/revisions\/102"}],"wp:attachment":[{"href":"http:\/\/ellermedia.de\/de\/wp-json\/wp\/v2\/media?parent=55"}],"curies":[{"name":"wp","href":"https:\/\/api.w.org\/{rel}","templated":true}]}}