{"id":4,"date":"2014-09-07T11:11:55","date_gmt":"2014-09-07T09:11:55","guid":{"rendered":"http:\/\/ellermedia.de\/de\/?page_id=4"},"modified":"2014-09-08T13:00:06","modified_gmt":"2014-09-08T11:00:06","slug":"home","status":"publish","type":"page","link":"http:\/\/ellermedia.de\/de\/","title":{"rendered":"Willkommen"},"content":{"rendered":"<p><span style=\"font-family: Arial; font-weight:bold;\"><b>Schlagw\u00f6rter zu Annika Eller<\/b><\/span><br \/>\n<a href=\"http:\/\/ellermedia.de\/se\/wp-content\/uploads\/sites\/3\/Portrait2.jpg\"><img loading=\"lazy\" decoding=\"async\" src=\"http:\/\/ellermedia.de\/se\/wp-content\/uploads\/sites\/3\/Portrait2.jpg\" alt=\"Portrait2\" width=\"185\" height=\"230\" class=\"alignright size-full wp-image-106\" \/><\/a><\/p>\n<ul>\n<li><span style=\"font-family: Arial; font-size:10pt;\">Diplom-Journalistin und Chefin von Eller Media in M\u00fcnchen<\/span><\/li>\n<li><span style=\"font-family: Arial; font-size:10pt;\">Jahrzehnte lange Erfahrung als Journalistin, Reporterin, Moderatorin und Redaktionsleiterin<\/span><\/li>\n<li><span style=\"font-family: Arial; font-size:10pt;\">Gewissenhaft, tiefgr\u00fcndig, schnell und stilsicher<\/span><\/li>\n<li><span style=\"font-family: Arial; font-size:10pt;\">Radiofreak<\/span><\/li>\n<li><span style=\"font-family: Arial; font-size:10pt;\">TV\/Video-Beitragsproduzentin<\/span><\/li>\n<li><span style=\"font-family: Arial; font-size:10pt;\">Artikelautorin f\u00fcr Print und Online<\/span><\/li>\n<li><span style=\"font-family: Arial; font-size:10pt;\">Eigene Profikamera, Ausr\u00fcstung f\u00fcr Audioaufnahmen und Schnitt<\/span><\/li>\n<li><span style=\"font-family: Arial; font-size:10pt;\">\u00dcbersetzerin Deutsch-Schwedisch und Schwedisch-Deutsch<\/span><\/li>\n<\/ul>\n","protected":false},"excerpt":{"rendered":"<p>Schlagw\u00f6rter zu Annika Eller Diplom-Journalistin und Chefin von Eller Media in M\u00fcnchen Jahrzehnte lange Erfahrung als Journalistin, Reporterin, Moderatorin und Redaktionsleiterin Gewissenhaft, tiefgr\u00fcndig, schnell und stilsicher Radiofreak TV\/Video-Beitragsproduzentin Artikelautorin f\u00fcr Print und Online Eigene Profikamera, Ausr\u00fcstung f\u00fcr Audioaufnahmen und Schnitt &hellip; <a href=\"http:\/\/ellermedia.de\/de\/\">Weiterlesen <span class=\"meta-nav\">&rarr;<\/span><\/a><\/p>\n","protected":false},"author":1,"featured_media":0,"parent":0,"menu_order":0,"comment_status":"open","ping_status":"open","template":"sidebar-page.php","meta":{"footnotes":""},"class_list":["post-4","page","type-page","status-publish","hentry"],"_links":{"self":[{"href":"http:\/\/ellermedia.de\/de\/wp-json\/wp\/v2\/pages\/4","targetHints":{"allow":["GET"]}}],"collection":[{"href":"http:\/\/ellermedia.de\/de\/wp-json\/wp\/v2\/pages"}],"about":[{"href":"http:\/\/ellermedia.de\/de\/wp-json\/wp\/v2\/types\/page"}],"author":[{"embeddable":true,"href":"http:\/\/ellermedia.de\/de\/wp-json\/wp\/v2\/users\/1"}],"replies":[{"embeddable":true,"href":"http:\/\/ellermedia.de\/de\/wp-json\/wp\/v2\/comments?post=4"}],"version-history":[{"count":4,"href":"http:\/\/ellermedia.de\/de\/wp-json\/wp\/v2\/pages\/4\/revisions"}],"predecessor-version":[{"id":115,"href":"http:\/\/ellermedia.de\/de\/wp-json\/wp\/v2\/pages\/4\/revisions\/115"}],"wp:attachment":[{"href":"http:\/\/ellermedia.de\/de\/wp-json\/wp\/v2\/media?parent=4"}],"curies":[{"name":"wp","href":"https:\/\/api.w.org\/{rel}","templated":true}]}}