{"id":24,"date":"2014-04-01T09:53:54","date_gmt":"2014-04-01T07:53:54","guid":{"rendered":"http:\/\/eller.pagepeppers.de\/?page_id=24"},"modified":"2014-09-08T13:41:00","modified_gmt":"2014-09-08T11:41:00","slug":"text","status":"publish","type":"page","link":"http:\/\/ellermedia.de\/de\/text","title":{"rendered":"Text"},"content":{"rendered":"<h2><span style=\"font-family: Arial\"><b>Kategorien<br \/>\n<\/b><\/span><\/h2>\n<p><span style=\"font-family: Arial\">Aktuelles, Nachrichten, Features, Portr\u00e4ts, Artikelserien, Glossen und investigative Hintergrundartikel schreibe ich alles genauso gerne. Print als Ausdrucksform ist die flexibelste Pr\u00e4sentationsm\u00f6glichkeit, die ich vor allem f\u00fcr komplexe Zusammenh\u00e4nge und Themen w\u00e4hle. Nichts ist sch\u00f6ner, als wenn ein guter Text, mit erkl\u00e4renden und mitrei\u00dfenden Bildern und Grafiken gestaltet werden kann.<\/span><span style=\"font-family: Arial\"><br \/>\n<\/span><\/p>\n<h2><span style=\"font-family: Arial\"><b>Erfahrungen<br \/>\n<\/b><\/span><\/h2>\n<p><span style=\"font-family: Arial\"><b>S\u00fcddeutsche Zeitung. <\/b>Hier durfte ich ein Praktikum in der Au\u00dfenpolitik absolvieren und habe danach freiberuflich Artikel f\u00fcr die SZ verfasst.<br \/>\n<\/span><\/p>\n<p><span style=\"font-family: Arial\"><b>N\u00fcrnberger Nachrichten<\/b>. Auch hier fing es mit einem Praktikum an (Politik und Lokales), und danach ver\u00f6ffentlichte ich einige Texte dort.<br \/>\n<\/span><\/p>\n<p><span style=\"font-family: Arial\">Weiter habe ich unter anderem Werke \u00fcber Schweden und Autobauer in deutscher Sprache ver\u00f6ffentlicht. Einige Artikel habe ich f\u00fcr christliche Zeitschriften (Nehemia-Info, Come, GGE) verfasst.<br \/>\n<\/span><\/p>\n<p><span style=\"font-family: Arial\">In schwedischen Medien kann man \u00f6fter etwas von mir zu lesen. Vor allem f\u00fcr die gr\u00f6\u00dfte Tageszeitung Schwedens, <b>Dagens Nyheter<\/b> in Stockholm, habe ich viel geschrieben. Dort war ich regelm\u00e4\u00dfig als Urlaubsvertretung und habe viele Artikel als freie Mitarbeiterin ver\u00f6ffentlicht. Mein Schwerpunkt dort ist Verbraucherrecht und Deutschland. Eine gr\u00f6\u00dfere Serie, die ich dort recherchieren konnte, befasste sich mit Gentechnik. Einige andere gr\u00f6\u00dfere Auftr\u00e4ge hatten Solarenergie, energieautarke H\u00e4user, Bier oder Lymphtherapie als Thema.<br \/>\n<\/span><\/p>\n<p><span style=\"font-family: Arial\">W\u00e4hrend meiner Zeit in Schweden, war ich auch bei der Lokalausgabe Nordstockholm von Dagens Nyheter besch\u00e4ftigt. Meine erste Anstellung als Reporterin hatte ich bei <b>Enk\u00f6pings-Posten<\/b> in Enk\u00f6ping. Dies ist das wichtigste Blatt f\u00fcr den Ort, etwa 80 Kilometer westlich von Stockholm. Dort waren meine Themen Nachrichten, Recht, Polizei und Kirche. Ich gr\u00fcndete die Verbraucherseiten und bekam die Verantwortung f\u00fcr die w\u00f6chentliche Ver\u00f6ffentlichung.<br \/>\n<\/span><\/p>\n<p><span style=\"font-family: Arial\">Die Zeitschrift <b>r\u00e5d och r\u00f6n <\/b>ist das Pendant zu &#8222;test&#8220; von Stiftung Warentest. Bei dieser war ich als Reporterin t\u00e4tig und schrieb \u00fcber alle aktuelle Verbraucherthemen.<br \/>\n<\/span><\/p>\n<p><span style=\"font-family: Arial\">Sehr stolz bin ich, eine der ersten zehn Mini-Reporter bei &#8222;Nachrichten aus Entenhausen&#8220; gewesen zu sein. Diese Beilage von Donald Duck in Schweden, gab es en der 1970er Jahre. Meine allererste Printerfahrung als 11-14-j\u00e4hrige Sch\u00fclerin sammelte ich mit einer manuellen Schreibmaschine. Papa half die Seiten zu kopieren und dann verkaufte ich mit einer Freundin zusammen unsere Zeitschriften &#8222;Wir Tierfreunde&#8220; und &#8222;Morgen&#8220; in der Schule und an Nachbarn.<\/span><\/p>\n","protected":false},"excerpt":{"rendered":"<p>Kategorien Aktuelles, Nachrichten, Features, Portr\u00e4ts, Artikelserien, Glossen und investigative Hintergrundartikel schreibe ich alles genauso gerne. Print als Ausdrucksform ist die flexibelste Pr\u00e4sentationsm\u00f6glichkeit, die ich vor allem f\u00fcr komplexe Zusammenh\u00e4nge und Themen w\u00e4hle. Nichts ist sch\u00f6ner, als wenn ein guter Text, &hellip; <a href=\"http:\/\/ellermedia.de\/de\/text\">Weiterlesen <span class=\"meta-nav\">&rarr;<\/span><\/a><\/p>\n","protected":false},"author":1,"featured_media":0,"parent":0,"menu_order":0,"comment_status":"open","ping_status":"open","template":"sidebar-page.php","meta":{"footnotes":""},"class_list":["post-24","page","type-page","status-publish","hentry"],"_links":{"self":[{"href":"http:\/\/ellermedia.de\/de\/wp-json\/wp\/v2\/pages\/24","targetHints":{"allow":["GET"]}}],"collection":[{"href":"http:\/\/ellermedia.de\/de\/wp-json\/wp\/v2\/pages"}],"about":[{"href":"http:\/\/ellermedia.de\/de\/wp-json\/wp\/v2\/types\/page"}],"author":[{"embeddable":true,"href":"http:\/\/ellermedia.de\/de\/wp-json\/wp\/v2\/users\/1"}],"replies":[{"embeddable":true,"href":"http:\/\/ellermedia.de\/de\/wp-json\/wp\/v2\/comments?post=24"}],"version-history":[{"count":1,"href":"http:\/\/ellermedia.de\/de\/wp-json\/wp\/v2\/pages\/24\/revisions"}],"predecessor-version":[{"id":103,"href":"http:\/\/ellermedia.de\/de\/wp-json\/wp\/v2\/pages\/24\/revisions\/103"}],"wp:attachment":[{"href":"http:\/\/ellermedia.de\/de\/wp-json\/wp\/v2\/media?parent=24"}],"curies":[{"name":"wp","href":"https:\/\/api.w.org\/{rel}","templated":true}]}}