{"id":16,"date":"2014-04-01T09:52:16","date_gmt":"2014-04-01T07:52:16","guid":{"rendered":"http:\/\/eller.pagepeppers.de\/?page_id=16"},"modified":"2019-03-22T20:24:48","modified_gmt":"2019-03-22T18:24:48","slug":"kontakt","status":"publish","type":"page","link":"http:\/\/ellermedia.de\/de\/kontakt","title":{"rendered":"Kontakt"},"content":{"rendered":"<p><strong>ELLER MEDIA<\/strong><\/p>\n<p>Freie Journalistin<br \/>\nAnnika Eller<br \/>\nM\u00fcnchen<br \/>\nBayern<\/p>\n<p>Tel. +49-(0)171 141 74 51<\/p>\n<p>email: annika at ellermedia.de<\/p>\n<p>Inhaltlich Verantwortlicher i.S.d. \u00a7 6 Abs. 2 MDStV: Annika Eller<\/p>\n<p><strong>Haftungshinweis:<\/strong> Trotz sorgf\u00e4ltiger inhaltlicher Kontrolle \u00fcbernehme ich keine Haftung f\u00fcr die Inhalte externer Links. F\u00fcr den Inhalt der verlinkten Seiten sind ausschlie\u00dflich deren Betreiber verantwortlich.<\/p>\n","protected":false},"excerpt":{"rendered":"<p>ELLER MEDIA Freie Journalistin Annika Eller M\u00fcnchen Bayern Tel. +49-(0)171 141 74 51 email: annika at ellermedia.de Inhaltlich Verantwortlicher i.S.d. \u00a7 6 Abs. 2 MDStV: Annika Eller Haftungshinweis: Trotz sorgf\u00e4ltiger inhaltlicher Kontrolle \u00fcbernehme ich keine Haftung f\u00fcr die Inhalte externer &hellip; <a href=\"http:\/\/ellermedia.de\/de\/kontakt\">Weiterlesen <span class=\"meta-nav\">&rarr;<\/span><\/a><\/p>\n","protected":false},"author":1,"featured_media":0,"parent":0,"menu_order":0,"comment_status":"open","ping_status":"open","template":"sidebar-page.php","meta":{"footnotes":""},"class_list":["post-16","page","type-page","status-publish","hentry"],"_links":{"self":[{"href":"http:\/\/ellermedia.de\/de\/wp-json\/wp\/v2\/pages\/16","targetHints":{"allow":["GET"]}}],"collection":[{"href":"http:\/\/ellermedia.de\/de\/wp-json\/wp\/v2\/pages"}],"about":[{"href":"http:\/\/ellermedia.de\/de\/wp-json\/wp\/v2\/types\/page"}],"author":[{"embeddable":true,"href":"http:\/\/ellermedia.de\/de\/wp-json\/wp\/v2\/users\/1"}],"replies":[{"embeddable":true,"href":"http:\/\/ellermedia.de\/de\/wp-json\/wp\/v2\/comments?post=16"}],"version-history":[{"count":3,"href":"http:\/\/ellermedia.de\/de\/wp-json\/wp\/v2\/pages\/16\/revisions"}],"predecessor-version":[{"id":130,"href":"http:\/\/ellermedia.de\/de\/wp-json\/wp\/v2\/pages\/16\/revisions\/130"}],"wp:attachment":[{"href":"http:\/\/ellermedia.de\/de\/wp-json\/wp\/v2\/media?parent=16"}],"curies":[{"name":"wp","href":"https:\/\/api.w.org\/{rel}","templated":true}]}}